{"id":627,"date":"2025-08-19T01:35:37","date_gmt":"2025-08-19T01:35:37","guid":{"rendered":"https:\/\/fajasnuestrosecreto.com\/?post_type=product&#038;p=627"},"modified":"2025-08-26T22:21:59","modified_gmt":"2025-08-26T22:21:59","slug":"faja-completa-con-bracier-y-mangas","status":"publish","type":"product","link":"https:\/\/fajasnuestrosecreto.com\/es\/producto\/faja-completa-con-bracier-y-mangas\/","title":{"rendered":"FAJA COMPLETA CON BRACIER Y MANGAS"},"content":{"rendered":"<p>Faja completa dise\u00f1ada para moldear, especialmente recomendada para postoperatorio. Cuenta con tres l\u00edneas de broches y cierre perineal, ofreciendo un soporte \u00f3ptimo para una recuperaci\u00f3n c\u00f3moda y segura.<\/p>","protected":false},"excerpt":{"rendered":"<p>Faja completa dise\u00f1ada para moldear, especialmente recomendada para postoperatorio. Cuenta con tres l\u00edneas de broches y cierre perineal, ofreciendo un soporte \u00f3ptimo para una recuperaci\u00f3n [&hellip;]<\/p>","protected":false},"featured_media":628,"comment_status":"open","ping_status":"closed","template":"","meta":[],"product_cat":[22],"product_tag":[],"class_list":{"0":"post-627","1":"product","2":"type-product","3":"status-publish","4":"has-post-thumbnail","6":"product_cat-body-suits","7":"pif-has-gallery","9":"first","10":"instock","11":"taxable","12":"shipping-taxable","13":"purchasable","14":"product-type-simple"},"yoast_head":"<!-- This site is optimized with the Yoast SEO plugin v27.6 - https:\/\/yoast.com\/product\/yoast-seo-wordpress\/ -->\n<title>FAJA COMPLETA CON BRACIER Y MANGAS - Nuestro Secreto<\/title>\n<meta name=\"description\" content=\"FAJA COMPLETA CON BRACIER Y MANGAS - Original Colombian Body Shapers- Faja Colombiana&#039;s sold online and in our store in Escondido, CA.\" \/>\n<meta name=\"robots\" content=\"index, follow, max-snippet:-1, max-image-preview:large, max-video-preview:-1\" \/>\n<link rel=\"canonical\" href=\"https:\/\/fajasnuestrosecreto.com\/es\/producto\/faja-completa-con-bracier-y-mangas\/\" \/>\n<meta property=\"og:locale\" content=\"es_ES\" \/>\n<meta property=\"og:type\" content=\"article\" \/>\n<meta property=\"og:title\" content=\"FAJA COMPLETA CON BRACIER Y MANGAS - Nuestro Secreto\" \/>\n<meta property=\"og:description\" content=\"FAJA COMPLETA CON BRACIER Y MANGAS - Original Colombian Body Shapers- Faja Colombiana&#039;s sold online and in our store in Escondido, CA.\" \/>\n<meta property=\"og:url\" content=\"https:\/\/fajasnuestrosecreto.com\/es\/producto\/faja-completa-con-bracier-y-mangas\/\" \/>\n<meta property=\"og:site_name\" content=\"Nuestro Secreto\" \/>\n<meta property=\"article:modified_time\" content=\"2025-08-26T22:21:59+00:00\" \/>\n<meta property=\"og:image\" content=\"https:\/\/fajasnuestrosecreto.com\/wp-content\/uploads\/2025\/08\/1046-Front-scaled.webp\" \/>\n\t<meta property=\"og:image:width\" content=\"1707\" \/>\n\t<meta property=\"og:image:height\" content=\"2560\" \/>\n\t<meta property=\"og:image:type\" content=\"image\/webp\" \/>\n<meta name=\"twitter:card\" content=\"summary_large_image\" \/>\n<meta name=\"twitter:label1\" content=\"Tiempo de lectura\" \/>\n\t<meta name=\"twitter:data1\" content=\"1 minuto\" \/>\n<script type=\"application\/ld+json\" class=\"yoast-schema-graph\">{\"@context\":\"https:\\\/\\\/schema.org\",\"@graph\":[{\"@type\":\"WebPage\",\"@id\":\"https:\\\/\\\/fajasnuestrosecreto.com\\\/product\\\/faja-completa-con-bracier-y-mangas\\\/\",\"url\":\"https:\\\/\\\/fajasnuestrosecreto.com\\\/product\\\/faja-completa-con-bracier-y-mangas\\\/\",\"name\":\"FAJA COMPLETA CON BRACIER Y MANGAS - Nuestro Secreto\",\"isPartOf\":{\"@id\":\"https:\\\/\\\/fajasnuestrosecreto.com\\\/#website\"},\"primaryImageOfPage\":{\"@id\":\"https:\\\/\\\/fajasnuestrosecreto.com\\\/product\\\/faja-completa-con-bracier-y-mangas\\\/#primaryimage\"},\"image\":{\"@id\":\"https:\\\/\\\/fajasnuestrosecreto.com\\\/product\\\/faja-completa-con-bracier-y-mangas\\\/#primaryimage\"},\"thumbnailUrl\":\"https:\\\/\\\/fajasnuestrosecreto.com\\\/wp-content\\\/uploads\\\/2025\\\/08\\\/1046-Front-scaled.webp\",\"datePublished\":\"2025-08-19T01:35:37+00:00\",\"dateModified\":\"2025-08-26T22:21:59+00:00\",\"description\":\"FAJA COMPLETA CON BRACIER Y MANGAS - Original Colombian Body Shapers- Faja Colombiana's sold online and in our store in Escondido, CA.\",\"breadcrumb\":{\"@id\":\"https:\\\/\\\/fajasnuestrosecreto.com\\\/product\\\/faja-completa-con-bracier-y-mangas\\\/#breadcrumb\"},\"inLanguage\":\"es-CO\",\"potentialAction\":[{\"@type\":\"ReadAction\",\"target\":[\"https:\\\/\\\/fajasnuestrosecreto.com\\\/product\\\/faja-completa-con-bracier-y-mangas\\\/\"]}]},{\"@type\":\"ImageObject\",\"inLanguage\":\"es-CO\",\"@id\":\"https:\\\/\\\/fajasnuestrosecreto.com\\\/product\\\/faja-completa-con-bracier-y-mangas\\\/#primaryimage\",\"url\":\"https:\\\/\\\/fajasnuestrosecreto.com\\\/wp-content\\\/uploads\\\/2025\\\/08\\\/1046-Front-scaled.webp\",\"contentUrl\":\"https:\\\/\\\/fajasnuestrosecreto.com\\\/wp-content\\\/uploads\\\/2025\\\/08\\\/1046-Front-scaled.webp\",\"width\":1707,\"height\":2560},{\"@type\":\"BreadcrumbList\",\"@id\":\"https:\\\/\\\/fajasnuestrosecreto.com\\\/product\\\/faja-completa-con-bracier-y-mangas\\\/#breadcrumb\",\"itemListElement\":[{\"@type\":\"ListItem\",\"position\":1,\"name\":\"Home\",\"item\":\"https:\\\/\\\/fajasnuestrosecreto.com\\\/\"},{\"@type\":\"ListItem\",\"position\":2,\"name\":\"Products\",\"item\":\"https:\\\/\\\/fajasnuestrosecreto.com\\\/shop\\\/\"},{\"@type\":\"ListItem\",\"position\":3,\"name\":\"FAJA COMPLETA CON BRACIER Y MANGAS\"}]},{\"@type\":\"WebSite\",\"@id\":\"https:\\\/\\\/fajasnuestrosecreto.com\\\/#website\",\"url\":\"https:\\\/\\\/fajasnuestrosecreto.com\\\/\",\"name\":\"Nuestro Secreto\",\"description\":\"Colombian Fajas\",\"publisher\":{\"@id\":\"https:\\\/\\\/fajasnuestrosecreto.com\\\/#organization\"},\"potentialAction\":[{\"@type\":\"SearchAction\",\"target\":{\"@type\":\"EntryPoint\",\"urlTemplate\":\"https:\\\/\\\/fajasnuestrosecreto.com\\\/?s={search_term_string}\"},\"query-input\":{\"@type\":\"PropertyValueSpecification\",\"valueRequired\":true,\"valueName\":\"search_term_string\"}}],\"inLanguage\":\"es-CO\"},{\"@type\":\"Organization\",\"@id\":\"https:\\\/\\\/fajasnuestrosecreto.com\\\/#organization\",\"name\":\"Nuestro Secreto\",\"url\":\"https:\\\/\\\/fajasnuestrosecreto.com\\\/\",\"logo\":{\"@type\":\"ImageObject\",\"inLanguage\":\"es-CO\",\"@id\":\"https:\\\/\\\/fajasnuestrosecreto.com\\\/#\\\/schema\\\/logo\\\/image\\\/\",\"url\":\"https:\\\/\\\/fajasnuestrosecreto.com\\\/wp-content\\\/uploads\\\/2024\\\/07\\\/Nuestro-Secreto-Logo.png\",\"contentUrl\":\"https:\\\/\\\/fajasnuestrosecreto.com\\\/wp-content\\\/uploads\\\/2024\\\/07\\\/Nuestro-Secreto-Logo.png\",\"width\":250,\"height\":201,\"caption\":\"Nuestro Secreto\"},\"image\":{\"@id\":\"https:\\\/\\\/fajasnuestrosecreto.com\\\/#\\\/schema\\\/logo\\\/image\\\/\"}}]}<\/script>\n<!-- \/ Yoast SEO plugin. -->","yoast_head_json":{"title":"FAJA COMPLETA CON BRACIER Y MANGAS - Nuestro Secreto","description":"FAJA COMPLETA CON BRACIER Y MANGAS - Original Colombian Body Shapers- Faja Colombiana's sold online and in our store in Escondido, CA.","robots":{"index":"index","follow":"follow","max-snippet":"max-snippet:-1","max-image-preview":"max-image-preview:large","max-video-preview":"max-video-preview:-1"},"canonical":"https:\/\/fajasnuestrosecreto.com\/es\/producto\/faja-completa-con-bracier-y-mangas\/","og_locale":"es_ES","og_type":"article","og_title":"FAJA COMPLETA CON BRACIER Y MANGAS - Nuestro Secreto","og_description":"FAJA COMPLETA CON BRACIER Y MANGAS - Original Colombian Body Shapers- Faja Colombiana's sold online and in our store in Escondido, CA.","og_url":"https:\/\/fajasnuestrosecreto.com\/es\/producto\/faja-completa-con-bracier-y-mangas\/","og_site_name":"Nuestro Secreto","article_modified_time":"2025-08-26T22:21:59+00:00","og_image":[{"width":1707,"height":2560,"url":"https:\/\/fajasnuestrosecreto.com\/wp-content\/uploads\/2025\/08\/1046-Front-scaled.webp","type":"image\/webp"}],"twitter_card":"summary_large_image","twitter_misc":{"Tiempo de lectura":"1 minuto"},"schema":{"@context":"https:\/\/schema.org","@graph":[{"@type":"WebPage","@id":"https:\/\/fajasnuestrosecreto.com\/product\/faja-completa-con-bracier-y-mangas\/","url":"https:\/\/fajasnuestrosecreto.com\/product\/faja-completa-con-bracier-y-mangas\/","name":"FAJA COMPLETA CON BRACIER Y MANGAS - Nuestro Secreto","isPartOf":{"@id":"https:\/\/fajasnuestrosecreto.com\/#website"},"primaryImageOfPage":{"@id":"https:\/\/fajasnuestrosecreto.com\/product\/faja-completa-con-bracier-y-mangas\/#primaryimage"},"image":{"@id":"https:\/\/fajasnuestrosecreto.com\/product\/faja-completa-con-bracier-y-mangas\/#primaryimage"},"thumbnailUrl":"https:\/\/fajasnuestrosecreto.com\/wp-content\/uploads\/2025\/08\/1046-Front-scaled.webp","datePublished":"2025-08-19T01:35:37+00:00","dateModified":"2025-08-26T22:21:59+00:00","description":"FAJA COMPLETA CON BRACIER Y MANGAS - Original Colombian Body Shapers- Faja Colombiana's sold online and in our store in Escondido, CA.","breadcrumb":{"@id":"https:\/\/fajasnuestrosecreto.com\/product\/faja-completa-con-bracier-y-mangas\/#breadcrumb"},"inLanguage":"es-CO","potentialAction":[{"@type":"ReadAction","target":["https:\/\/fajasnuestrosecreto.com\/product\/faja-completa-con-bracier-y-mangas\/"]}]},{"@type":"ImageObject","inLanguage":"es-CO","@id":"https:\/\/fajasnuestrosecreto.com\/product\/faja-completa-con-bracier-y-mangas\/#primaryimage","url":"https:\/\/fajasnuestrosecreto.com\/wp-content\/uploads\/2025\/08\/1046-Front-scaled.webp","contentUrl":"https:\/\/fajasnuestrosecreto.com\/wp-content\/uploads\/2025\/08\/1046-Front-scaled.webp","width":1707,"height":2560},{"@type":"BreadcrumbList","@id":"https:\/\/fajasnuestrosecreto.com\/product\/faja-completa-con-bracier-y-mangas\/#breadcrumb","itemListElement":[{"@type":"ListItem","position":1,"name":"Home","item":"https:\/\/fajasnuestrosecreto.com\/"},{"@type":"ListItem","position":2,"name":"Products","item":"https:\/\/fajasnuestrosecreto.com\/shop\/"},{"@type":"ListItem","position":3,"name":"FAJA COMPLETA CON BRACIER Y MANGAS"}]},{"@type":"WebSite","@id":"https:\/\/fajasnuestrosecreto.com\/#website","url":"https:\/\/fajasnuestrosecreto.com\/","name":"Nuestro Secreto","description":"Colombian Fajas","publisher":{"@id":"https:\/\/fajasnuestrosecreto.com\/#organization"},"potentialAction":[{"@type":"SearchAction","target":{"@type":"EntryPoint","urlTemplate":"https:\/\/fajasnuestrosecreto.com\/?s={search_term_string}"},"query-input":{"@type":"PropertyValueSpecification","valueRequired":true,"valueName":"search_term_string"}}],"inLanguage":"es-CO"},{"@type":"Organization","@id":"https:\/\/fajasnuestrosecreto.com\/#organization","name":"Nuestro Secreto","url":"https:\/\/fajasnuestrosecreto.com\/","logo":{"@type":"ImageObject","inLanguage":"es-CO","@id":"https:\/\/fajasnuestrosecreto.com\/#\/schema\/logo\/image\/","url":"https:\/\/fajasnuestrosecreto.com\/wp-content\/uploads\/2024\/07\/Nuestro-Secreto-Logo.png","contentUrl":"https:\/\/fajasnuestrosecreto.com\/wp-content\/uploads\/2024\/07\/Nuestro-Secreto-Logo.png","width":250,"height":201,"caption":"Nuestro Secreto"},"image":{"@id":"https:\/\/fajasnuestrosecreto.com\/#\/schema\/logo\/image\/"}}]}},"jetpack_sharing_enabled":true,"_links":{"self":[{"href":"https:\/\/fajasnuestrosecreto.com\/es\/wp-json\/wp\/v2\/product\/627","targetHints":{"allow":["GET"]}}],"collection":[{"href":"https:\/\/fajasnuestrosecreto.com\/es\/wp-json\/wp\/v2\/product"}],"about":[{"href":"https:\/\/fajasnuestrosecreto.com\/es\/wp-json\/wp\/v2\/types\/product"}],"replies":[{"embeddable":true,"href":"https:\/\/fajasnuestrosecreto.com\/es\/wp-json\/wp\/v2\/comments?post=627"}],"wp:featuredmedia":[{"embeddable":true,"href":"https:\/\/fajasnuestrosecreto.com\/es\/wp-json\/wp\/v2\/media\/628"}],"wp:attachment":[{"href":"https:\/\/fajasnuestrosecreto.com\/es\/wp-json\/wp\/v2\/media?parent=627"}],"wp:term":[{"taxonomy":"product_cat","embeddable":true,"href":"https:\/\/fajasnuestrosecreto.com\/es\/wp-json\/wp\/v2\/product_cat?post=627"},{"taxonomy":"product_tag","embeddable":true,"href":"https:\/\/fajasnuestrosecreto.com\/es\/wp-json\/wp\/v2\/product_tag?post=627"}],"curies":[{"name":"wp","href":"https:\/\/api.w.org\/{rel}","templated":true}]}}